{"id":1642,"date":"2020-01-15T09:58:07","date_gmt":"2020-01-15T09:58:07","guid":{"rendered":"http:\/\/samsonova-khayet.com\/it\/terms-of-service\/"},"modified":"2020-11-04T02:25:24","modified_gmt":"2020-11-04T02:25:24","slug":"terms-of-service","status":"publish","type":"page","link":"http:\/\/samsonova-khayet.com\/it\/terms-of-service\/","title":{"rendered":"Terms of Service"},"content":{"rendered":"\t\t<div data-elementor-type=\"wp-page\" data-elementor-id=\"1642\" class=\"elementor elementor-1642\" data-elementor-post-type=\"page\">\n\t\t\t\t\t\t<section class=\"elementor-section elementor-top-section elementor-element elementor-element-77de25b4 elementor-section-boxed elementor-section-gap-beside-yes elementor-section-height-default elementor-section-height-default elementor-section-column-vertical-align-stretch\" data-id=\"77de25b4\" data-element_type=\"section\" data-e-type=\"section\">\n\t\t\t\t\t\t<div class=\"elementor-container elementor-column-gap-extended\">\n\t\t\t\t\t<div class=\"elementor-column elementor-col-100 elementor-top-column elementor-element elementor-element-1b10998\" data-id=\"1b10998\" data-element_type=\"column\" data-e-type=\"column\">\n\t\t\t<div class=\"elementor-widget-wrap elementor-element-populated\">\n\t\t\t\t\t\t<div class=\"elementor-element elementor-element-bad8be6 elementor-widget elementor-widget-image\" data-id=\"bad8be6\" data-element_type=\"widget\" data-e-type=\"widget\" data-widget_type=\"image.default\">\n\t\t\t\t<div class=\"elementor-widget-container\">\n\t\t\t\t\t\t\t\t\t\t\t\t\t\t\t<img decoding=\"async\" src=\"http:\/\/dungnv.local\/maxcoach\/main\/wp-content\/uploads\/2019\/12\/stock-full-hd-10.jpg\" title=\"\" alt=\"\" loading=\"lazy\" \/>\t\t\t\t\t\t\t\t\t\t\t\t\t\t\t<\/div>\n\t\t\t\t<\/div>\n\t\t\t\t\t<\/div>\n\t\t<\/div>\n\t\t\t\t\t<\/div>\n\t\t<\/section>\n\t\t\t\t<section class=\"elementor-section elementor-top-section elementor-element elementor-element-4e8bdce elementor-section-boxed elementor-section-gap-beside-yes elementor-section-height-default elementor-section-height-default elementor-section-column-vertical-align-stretch\" data-id=\"4e8bdce\" data-element_type=\"section\" data-e-type=\"section\">\n\t\t\t\t\t\t<div class=\"elementor-container elementor-column-gap-extended\">\n\t\t\t\t\t<div class=\"elementor-column elementor-col-100 elementor-top-column elementor-element elementor-element-ae1381a\" data-id=\"ae1381a\" data-element_type=\"column\" data-e-type=\"column\">\n\t\t\t<div class=\"elementor-widget-wrap elementor-element-populated\">\n\t\t\t\t\t\t<div class=\"elementor-element elementor-element-976c40e elementor-widget elementor-widget-heading\" data-id=\"976c40e\" data-element_type=\"widget\" data-e-type=\"widget\" data-widget_type=\"heading.default\">\n\t\t\t\t<div class=\"elementor-widget-container\">\n\t\t\t\t\t<h2 class=\"elementor-heading-title elementor-size-default\">Termini e Condizioni Commerciali Generali Per L'Uso Di\nJulyMethod<\/h2>\t\t\t\t<\/div>\n\t\t\t\t<\/div>\n\t\t\t\t<div class=\"elementor-element elementor-element-f0ecd27 elementor-widget elementor-widget-text-editor\" data-id=\"f0ecd27\" data-element_type=\"widget\" data-e-type=\"widget\" data-widget_type=\"text-editor.default\">\n\t\t\t\t<div class=\"elementor-widget-container\">\n\t\t\t\t\t\t\t\t\t<h5 style=\"color: #ff7364;\">ARTICOLO 1: OGGETTO<\/h5>\n<p>L&#8217;obiettivo di JulyMethod \u00e8 fornire all&#8217;utente strumenti utili per\nmigliorare la propria forma fisica ed esprimere il proprio potenziale\ngrazie ad uno stile di vita sano e sportivo.\nQueste Condizioni si applicano a tutte le iscizioni e a tutti gli ordini\ninoltrati sul Sito, regolano il contratto tra Julija Samsonova (indicata, di\nseguito, come JulyMethod) e ogni persona che si iscrive o inoltra un\nordine sul Sito (indicata, di seguito, come l&#8217;Utente\u201d).\nL&#8217;iscrizione e gli eventuali ordini sul sito possono essere effettuati\nesclusivamente da utenti privati, non \u00e8 possibile acquistare il servizio\ncon scopo di rivendita a terzi.\nIscrivendosi al servizio o inoltrando un ordine sul Sito, l\u2019Utente accetta\ntutti i termini delle condizioni generali. Gli Utenti che decidessero di non\naccettare le condizioni generali non potranno iscriversi o inoltrare un\nordine sul Sito.\nLe condizioni generali potranno essere modificate in ogni momento da\nJulyMethod. Tali modifiche non si applicheranno agli ordini in corso di\ntrattamento, ma solamente a tutti i nuovi ordini inoltrati sul Sito.\nL\u2019Utente \u00e8 quindi invitato ad esaminare con attenzione le condizioni\ngenerali prima di effettuare l&#8217;iscrizione o inoltrare un ordine sul sito.\nLe presenti condizioni generali sono accessibili in modo permanente\nall\u2019indirizzo seguente: https:\/\/www.julymwthod.com\/termini-econdizioni\/<\/p>\n<h5 style=\"color: #ff7364;\">ARTICOLO 2: CARATTERISTICHE DEL SERVIZIO<\/h5>\n<p>Il servizio \u00e8 composto da una componente ad Abbonamento\nTrimestrale.\nL&#8217;accesso e l&#8217;utilizzo del Blog e Shop di JulyMethod sono gratuiti e\nsenza scadenza.\nIl servizio di abbonamento \u00e8 a pagamento ed \u00e8 facoltativo e prevede l\u2019\naccesso a tutta la biblioteca dei contenuti presente sul sito, che sar\u00e0\nsempre pi\u00f9 ampliata nel tempo.<\/p>\n<h5 style=\"color: #ff7364;\">ARTICOLO 3: TERMINI E CONDIZIONI DI PARTECIPAZIONE<\/h5>\n<p>L&#8217;iscrizione al sito e l\u2019utilizzo dei Servizi JulyMethod richiede un\u2019et\u00e0\nminima di 18 anni e la piena capacit\u00e0 legale.\nLa finalit\u00e0 dei servizi offerti \u00e8 quella di supportare gli utenti nel\nmiglioramento del proprio stile di vita e della propria forma fisica. Atteso\nche l&#8217;attivit\u00e0 fisica comporta rischi, \u00e8 responsabilit\u00e0 esclusiva dell&#8217;utente accertare con il proprio medico di fiducia la propria idoneit\u00e0\nalla pratica degli allenamenti, all&#8217;utilizzo dei programmi di allenamento o\nall&#8217;utilizzo di qualsiasi altro contenuto presente su questo sito.\nGli utenti donne dovranno inoltre considerare che non \u00e8 opportuno\nseguire alcuni degli allenamenti JulyMethod in stato di gravidanza.\nJulyMethod non divulga servizi medici o servizi professionali sulla salute\ne non garantisce l\u2019accuratezza e la completezza delle informazioni rese\ndisponibili nei testi, nel video e nell\u2019audio n\u00e9 assume garanzia alcuna in\nmerito a risultati n\u00e9 ad eventuali conseguenze dell\u2019utilizzo dei servizi\nofferti.<\/p>\n<h5 style=\"color: #ff7364;\">ARTICOLO 4: PROCEDURA D\u2019ORDINAZIONE SERVIZIO\nAbbonamento<\/h5>\n<p>L\u2019Utente che desidera acquistare il servizio Abbonamento dovr\u00e0\nobbligatoriamente seguire la seguente procedura:\niscriversi al sito web, questa procedura \u00e8 gratuita e non comporta alcun\ncosto, e qualora decidesse di acquistare l&#8217;abbonamento\ndovr\u00e0 compilare le informazioni per il pagamento e convalidare il\nproprio ordine dopo averlo verificato. Tutti gli ordini inoltrati sul Sito\ndevono essere pagati online con carta di credito.\nTutti gli ordini inoltrati a JulyMethod saranno oggetto di una conferma\nvia e-mail nel pi\u00f9 breve tempo possibile. Tale conferma conterr\u00e0 i\ndettagli dell&#8217;acquisto e le indicazioni per scaricare la ricevuta\nd&#8217;acquisto. La vendita sar\u00e0 considerata perfezionata alla data di\nricezione del pagamento da parte dell&#8217;utente.<\/p>\n<h5 style=\"color: #ff7364;\">ARTICOLO 5: PREZZI E MODALIT\u00c0 DI PAGAMENTO<\/h5>\n<p>I prezzi dei prodotti proposti sul Sito sono in euro, IVA inclusa. I prezzi\nsono calcolati in funzione dell\u2019ordine dell\u2019Utente e gli sono comunicati\nprima della convalida dello stesso. JulyMethod conserva il diritto di\nmodificare i prezzi in ogni momento, restando inteso che il prezzo\npubblicato sul Sito il giorno dell\u2019ordine sar\u00e0 il solo prezzo applicabile\nall\u2019Utente.<br>\nPer pagare il proprio ordine, l\u2019Utente ha a sua disposizione tutti i modi\ndi pagamento proposti al momento della convalida finale dell&#8217;ordine,\novvero:<br>\nCarta di credito.\nLa procedura di pagamento con carta avverr\u00e0 tramite Stripe su server\nsicuri, nessun dato di pagamento (numeri di carte di credito) verr\u00e0\nregistrato o conservato da JulyMethod di Julija Samsonova.<\/p>\n<h5 style=\"color: #ff7364;\">ARTICOLO 6: ATTIVAZIONE E RINNOVO DEL SERVIZIO<\/h5>\n<p>L&#8217;attivazione del servizio \u201cAbbonamento\u201d avverr\u00e0 contestualmente alla\nconferma di pagamento in caso di pagamento con carta di credito. Il rinnovo del Abbonamento trimestrale \u00e8 automatico.<\/p>\n<h5 style=\"color: #ff7364;\">ARTICOLO 7: DIRITTO DI RECESSO<\/h5>\n<p>Il diritto di recesso dal contratto di vendita o di fornitura dei Prodotti da\nparte dell\u2019Utente Consumatore \u00e8 escluso relativamente:\n\u2022 alla fornitura di registrazioni audio o video sigillate o di software\ninformatici sigillati che sono stati aperti dopo la consegna\nNei casi di esclusione del diritto di recesso, il Titolare provveder\u00e0 a\nrestituire all\u2019Utente i Prodotti acquistati, addebitandogli le spese di\nspedizione.\nTrattandosi di vendita di consulenza mediante i contenuti video l\u2019utente\nnel sottoscrivere l\u2019abbonamento e\/o ed effettuando il successivo\ndownload esprime in automatico il proprio consenso di perdere il diritto\ndi recesso dopo aver effettuato il download.\nPer maggiori chiarimenti contattare il Titolare all\u2019indirizzo e-mail\ncontact@julymethod.com<\/p>\n<h5 style=\"color: #ff7364;\">ARTICOLO 8: GARANZIA E RESPONSABILIT\u00c0<\/h5>\n<p>La responsabilit\u00e0 di JulyMethod potr\u00e0 essere invocata unicamente\nnell\u2019ambito della garanzia legale dovuta all\u2019Utente in relazione alla\nconformit\u00e0 del servizio.\nL&#8217;uso e\/o l\u2019acquisto del servizio avvengono sotto l\u2019esclusiva\nresponsabilit\u00e0 dell\u2019Utente. JulyMethod non potr\u00e0 essere ritenuto\nresponsabile dei danni diretti o indiretti causati dall&#8217;utilizzo del servizio.\nIl servizio pu\u00f2 non essere idoneo per alcune tipologie di persone,\nsoprattutto in presenza di patologie e\/o allergie o intolleranze alimentari,\nl\u2019Utente \u00e8 tenuto in ogni caso a consultare il proprio medico di fiducia\nprima dell&#8217;uso del servizio.\nCon l&#8217;iscrizione al servizio, l\u2019Utente dichiara di trovarsi in perfetta salute\ne di avere richiesto ed ottenuto dal proprio medico curante una\nconferma in tal senso.\nJulyMethod e i professionisti presenti nei video e nei programmi di\nallenamento JulyMethod non sono responsabili per infortuni, danni fisici\no altri danni derivanti dall&#8217;utilizzo dei video allenamenti, dei programmi\ndi allenamento, dei video tutorial o di qualsiasi altro contenuto presente\nsu questo sito. Scegliendo di utilizzare i contentui presenti sul sito\nl&#8217;utente solleva JulyMethod da ogni responsabilit\u00e0 derivante dal loro\nutilizzo e accetta di utilizzare le informazioni presenti a suo rischio.\n<br>\nJulyMethod non presta all\u2019Utente alcuna ulteriore garanzia rispetto a\nquelle di legge e a quelle espressamente previste nelle condizioni\ngenerali.<br>\nLa responsabilit\u00e0 di JulyMethod non potr\u00e0 essere invocata nelle ipotesi\ndi caso fortuito o di forza maggiore, ovvero in casi di sopravvenienza di\nfatti e\/o circostanze imprevedibili e indipendenti dalla volont\u00e0 delle\nParti.<br>\nJulyMethod non \u00e8 responsabile in caso di problemi tecnici di forza\nmaggiore che limitino l&#8217;utilizzo del servizio. (danneggiamento\naccidentale di componenti hardware, perdita di dati causata da errori\ndei sistemi informatici, blocco della rete).<\/p>\n\n<h5 style=\"color: #ff7364;\">ARTICOLO 9: PROTEZIONE DEI DATI PERSONALI<\/h5>\n<p>Con l&#8217;iscrizione al servizio JulyMethod, l\u2019utente presta il consenso al\ntrattamento dei dati inseriti da parte di Julija Samsonova. I dati saranno\ntrattati attraverso procedure informatiche e archiviati presso i nostri\nsistemi. I dati forniti verranno utilizzati esclusivamente per la corretta\nfruizione del servizio e non verranno ceduti a terzi.\nIn qualsiasi momento puoi consultare, chiedere la modifica o la\ncancellazione dei dati inseriti, o semplicemente opporti al loro utilizzo\nrichiendolo all&#8217;indirizzo contact@julymethod.com .<\/p>\n<h5 style=\"color: #ff7364;\">ARTICOLO 10: PROPRIET\u00c0 INTELLETTUALE<\/h5>\n<p>Tutti gli elementi del Sito (video, immagini, testi, audio e grafica) sono\noggetto di un diritto di propriet\u00e0 intellettuale di cui \u00e8 titolare\nJulyMethod.\nOgni tipo di riproduzione, sfruttamento, diffusione e\/o utilizzo degli\nelementi del Sito, siano essi testuali, informatici, visivi o sonori, \u00e8\nseveramente vietata, e in caso di violazione saranno applicabili ai\ntrasgressori le sanzioni civili e penali previste dalla legge.<\/p>\n<h5 style=\"color: #ff7364;\">ARTICOLO 11: DIRITTO APPLICABILE<\/h5>\n<p>Legge applicabile e foro competente<br>\nLe Condizioni sono soggette alla legge italiana.\nPer gli Utenti Consumatori ogni controversia relativa all\u2019applicazione,\nesecuzione e\ninterpretazione delle presenti Condizioni sar\u00e0 devoluta al foro del luogo\nin cui l\u2019Utente Consumatore risiede o ha eletto domicilio, se ubicati nel\nterritorio dello Stato Italiano, salva la facolt\u00e0 per l\u2019Utente Consumatore\ndi adire un giudice diverso da quello del \u201dforo del consumatore\u201d ex art.\n66 bis del Codice del Consumo, competente per territorio secondo uno\ndei criteri di cui agli artt. 18, 19 e 20 del codice processuale civile.\n\u00c8 fatta salva l\u2019applicazione agli Utenti Consumatori che non abbiano la\nloro residenza abituale in Italia delle disposizioni eventualmente pi\u00f9\nfavorevoli e inderogabili previste dalla legge del paese in cui essi hanno la loro residenza abituale, in particolare in relazione al termine per\nl&#8217;esercizio del diritto di recesso, al termine per la restituzione dei\nProdotti, in caso di esercizio di tale diritto, alle modalit\u00e0 e formalit\u00e0 della\ncomunicazione del medesimo e alla garanzia legale di conformit\u00e0.\nPer gli Utenti non Consumatori, ogni controversia relativa\nall\u2019applicazione, esecuzione e interpretazione delle presenti Condizioni\nsar\u00e0 devoluta al foro del luogo in cui ha sede il Titolare.<\/p>\n\n<h5 style=\"color: #ff7364;\">ARTICOLO 12 Risoluzione delle controversie online per Utenti\nConsumatori<\/h5>\n<p>L\u2019Utente Consumatore residente in Europa deve essere a conoscenza\ndel fatto che la\nCommissione Europea ha istituito una piattaforma online che fornisce\nuno strumento di risoluzione alternativa delle controversie. Tale\nstrumento pu\u00f2 essere utilizzato dall\u2019Utente Consumatore per risolvere\nin via non giudiziale ogni controversia relativa a e\/o derivante da\ncontratti di vendita di beni e fornitura di servizi stipulati in rete. Di\nconseguenza, l\u2019Utente Consumatore pu\u00f2 usare tale piattaforma per la\nrisoluzione di ogni disputa nascente dal contratto stipulato online. La\npiattaforma \u00e8 disponibile al seguente indirizzo: ec.europa.eu\/\nconsumers\/odr\/<br>\nData 2\/11\/20<\/p>\t\t\t\t\t\t\t\t<\/div>\n\t\t\t\t<\/div>\n\t\t\t\t\t<\/div>\n\t\t<\/div>\n\t\t\t\t\t<\/div>\n\t\t<\/section>\n\t\t\t\t<\/div>\n\t\t","protected":false},"excerpt":{"rendered":"<p>Termini e Condizioni Commerciali Generali Per L&#8217;Uso Di JulyMethod ARTICOLO 1: OGGETTO L&#8217;obiettivo di JulyMethod \u00e8 fornire all&#8217;utente strumenti utili per migliorare la propria forma fisica ed esprimere il proprio potenziale grazie ad uno stile di vita sano e sportivo. Queste Condizioni si applicano a tutte le iscizioni e a tutti gli ordini inoltrati sul Sito, regolano il contratto tra Julija Samsonova (indicata, di seguito, come JulyMethod) e ogni persona che si iscrive o inoltra un ordine sul Sito (indicata, di seguito, come l&#8217;Utente\u201d). L&#8217;iscrizione e gli eventuali ordini sul sito possono essere effettuati esclusivamente da utenti privati, non \u00e8 possibile acquistare il servizio con scopo di rivendita a terzi. Iscrivendosi al servizio o inoltrando un ordine sul Sito, l\u2019Utente accetta tutti i termini delle condizioni generali. Gli Utenti che decidessero di non accettare le condizioni generali non potranno iscriversi o inoltrare un ordine sul Sito. Le condizioni generali potranno essere modificate in ogni momento da JulyMethod. Tali modifiche non si applicheranno agli ordini in corso di trattamento, ma solamente a tutti i nuovi ordini inoltrati sul Sito. L\u2019Utente \u00e8 quindi invitato ad esaminare con attenzione le condizioni generali prima di effettuare l&#8217;iscrizione o inoltrare un ordine sul sito. Le presenti condizioni generali sono accessibili in modo permanente all\u2019indirizzo seguente: https:\/\/www.julymwthod.com\/termini-econdizioni\/ ARTICOLO 2: CARATTERISTICHE DEL SERVIZIO Il servizio \u00e8 composto da una componente ad Abbonamento Trimestrale. L&#8217;accesso e l&#8217;utilizzo del Blog e Shop di JulyMethod sono gratuiti e senza scadenza. Il servizio di abbonamento \u00e8 a pagamento ed \u00e8 facoltativo e prevede l\u2019 accesso a tutta la biblioteca dei contenuti presente sul sito, che sar\u00e0 sempre pi\u00f9 ampliata nel tempo. ARTICOLO 3: TERMINI E CONDIZIONI DI PARTECIPAZIONE L&#8217;iscrizione al sito e l\u2019utilizzo dei Servizi JulyMethod richiede un\u2019et\u00e0 minima di 18 anni e la piena capacit\u00e0 legale. La finalit\u00e0 dei servizi offerti \u00e8 quella di supportare gli utenti nel miglioramento del proprio stile di vita e della propria forma fisica. Atteso che l&#8217;attivit\u00e0 fisica comporta rischi, \u00e8 responsabilit\u00e0 esclusiva dell&#8217;utente accertare con il proprio medico di fiducia la propria idoneit\u00e0 alla pratica degli allenamenti, all&#8217;utilizzo dei programmi di allenamento o all&#8217;utilizzo di qualsiasi altro contenuto presente su questo sito. Gli utenti donne dovranno inoltre considerare che non \u00e8 opportuno seguire alcuni degli allenamenti JulyMethod in stato di gravidanza. JulyMethod non divulga servizi medici o servizi professionali sulla salute e non garantisce l\u2019accuratezza e la completezza delle informazioni rese disponibili nei testi, nel video e nell\u2019audio n\u00e9 assume garanzia alcuna in merito a risultati n\u00e9 ad eventuali conseguenze dell\u2019utilizzo dei servizi offerti. ARTICOLO 4: PROCEDURA D\u2019ORDINAZIONE SERVIZIO Abbonamento L\u2019Utente che desidera acquistare il servizio Abbonamento dovr\u00e0 obbligatoriamente seguire la seguente procedura: iscriversi al sito web, questa procedura \u00e8 gratuita e non comporta alcun costo, e qualora decidesse di acquistare l&#8217;abbonamento dovr\u00e0 compilare le informazioni per il pagamento e convalidare il proprio ordine dopo averlo verificato. Tutti gli ordini inoltrati sul Sito devono essere pagati online con carta di credito. Tutti gli ordini inoltrati a JulyMethod saranno oggetto di una conferma via e-mail nel pi\u00f9 breve tempo possibile. Tale conferma conterr\u00e0 i dettagli dell&#8217;acquisto e le indicazioni per scaricare la ricevuta d&#8217;acquisto. La vendita sar\u00e0 considerata perfezionata alla data di ricezione del pagamento da parte dell&#8217;utente. ARTICOLO 5: PREZZI E MODALIT\u00c0 DI PAGAMENTO I prezzi dei prodotti proposti sul Sito sono in euro, IVA inclusa. I prezzi sono calcolati in funzione dell\u2019ordine dell\u2019Utente e gli sono comunicati prima della convalida dello stesso. JulyMethod conserva il diritto di modificare i prezzi in ogni momento, restando inteso che il prezzo pubblicato sul Sito il giorno dell\u2019ordine sar\u00e0 il solo prezzo applicabile all\u2019Utente. Per pagare il proprio ordine, l\u2019Utente ha a sua disposizione tutti i modi di pagamento proposti al momento della convalida finale dell&#8217;ordine, ovvero: Carta di credito. La procedura di pagamento con carta avverr\u00e0 tramite Stripe su server sicuri, nessun dato di pagamento (numeri di carte di credito) verr\u00e0 registrato o conservato da JulyMethod di Julija Samsonova. ARTICOLO 6: ATTIVAZIONE E RINNOVO DEL SERVIZIO L&#8217;attivazione del servizio \u201cAbbonamento\u201d avverr\u00e0 contestualmente alla conferma di pagamento in caso di pagamento con carta di credito. Il rinnovo del Abbonamento trimestrale \u00e8 automatico. ARTICOLO 7: DIRITTO DI RECESSO Il diritto di recesso dal contratto di vendita o di fornitura dei Prodotti da parte dell\u2019Utente Consumatore \u00e8 escluso relativamente: \u2022 alla fornitura di registrazioni audio o video sigillate o di software informatici sigillati che sono stati aperti dopo la consegna Nei casi di esclusione del diritto di recesso, il Titolare provveder\u00e0 a restituire all\u2019Utente i Prodotti acquistati, addebitandogli le spese di spedizione. Trattandosi di vendita di consulenza mediante i contenuti video l\u2019utente nel sottoscrivere l\u2019abbonamento e\/o ed effettuando il successivo download esprime in automatico il proprio consenso di perdere il diritto di recesso dopo aver effettuato il download. Per maggiori chiarimenti contattare il Titolare all\u2019indirizzo e-mail contact@julymethod.com ARTICOLO 8: GARANZIA E RESPONSABILIT\u00c0 La responsabilit\u00e0 di JulyMethod potr\u00e0 essere invocata unicamente nell\u2019ambito della garanzia legale dovuta all\u2019Utente in relazione alla conformit\u00e0 del servizio. L&#8217;uso e\/o l\u2019acquisto del servizio avvengono sotto l\u2019esclusiva responsabilit\u00e0 dell\u2019Utente. JulyMethod non potr\u00e0 essere ritenuto responsabile dei danni diretti o indiretti causati dall&#8217;utilizzo del servizio. Il servizio pu\u00f2 non essere idoneo per alcune tipologie di persone, soprattutto in presenza di patologie e\/o allergie o intolleranze alimentari, l\u2019Utente \u00e8 tenuto in ogni caso a consultare il proprio medico di fiducia prima dell&#8217;uso del servizio. Con l&#8217;iscrizione al servizio, l\u2019Utente dichiara di trovarsi in perfetta salute e di avere richiesto ed ottenuto dal proprio medico curante una conferma in tal senso. JulyMethod e i professionisti presenti nei video e nei programmi di allenamento JulyMethod non sono responsabili per infortuni, danni fisici o altri danni derivanti dall&#8217;utilizzo dei video allenamenti, dei programmi di allenamento, dei video tutorial o di qualsiasi altro contenuto presente su questo sito. Scegliendo di utilizzare i contentui presenti sul sito l&#8217;utente solleva JulyMethod da ogni responsabilit\u00e0 derivante dal loro utilizzo e accetta di utilizzare le informazioni presenti a suo rischio. JulyMethod non presta all\u2019Utente alcuna ulteriore garanzia rispetto a quelle di legge e a quelle [&hellip;]<\/p>\n","protected":false},"author":1,"featured_media":0,"parent":0,"menu_order":0,"comment_status":"closed","ping_status":"open","template":"","meta":{"footnotes":""},"class_list":["post-1642","page","type-page","status-publish","hentry","post-no-thumbnail"],"_links":{"self":[{"href":"http:\/\/samsonova-khayet.com\/it\/wp-json\/wp\/v2\/pages\/1642","targetHints":{"allow":["GET"]}}],"collection":[{"href":"http:\/\/samsonova-khayet.com\/it\/wp-json\/wp\/v2\/pages"}],"about":[{"href":"http:\/\/samsonova-khayet.com\/it\/wp-json\/wp\/v2\/types\/page"}],"author":[{"embeddable":true,"href":"http:\/\/samsonova-khayet.com\/it\/wp-json\/wp\/v2\/users\/1"}],"replies":[{"embeddable":true,"href":"http:\/\/samsonova-khayet.com\/it\/wp-json\/wp\/v2\/comments?post=1642"}],"version-history":[{"count":4,"href":"http:\/\/samsonova-khayet.com\/it\/wp-json\/wp\/v2\/pages\/1642\/revisions"}],"predecessor-version":[{"id":3494,"href":"http:\/\/samsonova-khayet.com\/it\/wp-json\/wp\/v2\/pages\/1642\/revisions\/3494"}],"wp:attachment":[{"href":"http:\/\/samsonova-khayet.com\/it\/wp-json\/wp\/v2\/media?parent=1642"}],"curies":[{"name":"wp","href":"https:\/\/api.w.org\/{rel}","templated":true}]}}